{"id":190,"date":"2023-12-13T21:47:42","date_gmt":"2023-12-13T21:47:42","guid":{"rendered":"https:\/\/cyantienda.com\/?post_type=product&#038;p=190"},"modified":"2024-10-17T00:33:12","modified_gmt":"2024-10-17T00:33:12","slug":"manilla-en-hilo-con-cuarzo-rosa","status":"publish","type":"product","link":"https:\/\/cyantienda.com\/index.php\/producto\/manilla-en-hilo-con-cuarzo-rosa\/","title":{"rendered":"Manilla en hilo con cuarzo rosa"},"content":{"rendered":"<p>Manillas\/pulseras de hilo de fibra textil. Son graduables, por lo que las puedes ajustar al tama\u00f1o de tu mu\u00f1eca muy f\u00e1cilmente.<\/p>\n<p>Incluye una piedra pulida de cuarzo rosa, s\u00edmbolo del amor y la feminidad.<\/p>\n<p>Transmite delicadeza con este accesorio.<\/p>\n<p>Combina varios dise\u00f1os y crea tu look favorito.<\/p>\n<p>Contenido del empaque: una manilla\/pulsera de hilo de fibra textil.<\/p>\n<p>Cuida tus accesorios as\u00ed:<\/p>\n<p>&#8211; Ret\u00edralos antes de irte a dormir o de entrar a la ducha.<br \/>\n&#8211; No los uses para nadar en piscina o mar, ni los expongas a lugares con humedad excesiva.<br \/>\n&#8211; Cuida que no tengan contacto con perfumes, l\u00edquidos, cremas, alcohol o sustancias qu\u00edmicas y corrosivas.<br \/>\n&#8211; Gu\u00e1rdalos en un lugar seguro, a salvo de ca\u00eddas, golpes o estiramientos.<br \/>\n&#8211; Cuando quieras limpiarlos, utiliza un pa\u00f1o seco y hazlo con cuidado.<\/p>\n","protected":false},"excerpt":{"rendered":"<p>Manillas\/pulseras de hilo de fibra textil. Son graduables, por lo que las puedes ajustar al tama\u00f1o de tu mu\u00f1eca muy f\u00e1cilmente.<\/p>\n<p>Incluye una piedra pulida de cuarzo rosa, s\u00edmbolo del amor y la feminidad.<\/p>\n<p>Transmite delicadeza con este accesorio.<\/p>\n<p>Combina varios dise\u00f1os y crea tu look favorito.<\/p>\n<p>Contenido del empaque: una manilla\/pulsera de hilo de fibra textil.<\/p>\n<p>&nbsp;<\/p>\n","protected":false},"featured_media":141,"comment_status":"open","ping_status":"closed","template":"","meta":[],"product_brand":[],"product_cat":[30,32],"product_tag":[61,62,58,59,60],"class_list":{"0":"post-190","1":"product","2":"type-product","3":"status-publish","4":"has-post-thumbnail","6":"product_cat-accesorios","7":"product_cat-manillas-y-pulseras","8":"product_tag-cuarzo","9":"product_tag-hilo","10":"product_tag-manilla","11":"product_tag-pulsera","12":"product_tag-rosado","14":"first","15":"instock","16":"sale","17":"shipping-taxable","18":"purchasable","19":"product-type-simple"},"_links":{"self":[{"href":"https:\/\/cyantienda.com\/index.php\/wp-json\/wp\/v2\/product\/190","targetHints":{"allow":["GET"]}}],"collection":[{"href":"https:\/\/cyantienda.com\/index.php\/wp-json\/wp\/v2\/product"}],"about":[{"href":"https:\/\/cyantienda.com\/index.php\/wp-json\/wp\/v2\/types\/product"}],"replies":[{"embeddable":true,"href":"https:\/\/cyantienda.com\/index.php\/wp-json\/wp\/v2\/comments?post=190"}],"wp:featuredmedia":[{"embeddable":true,"href":"https:\/\/cyantienda.com\/index.php\/wp-json\/wp\/v2\/media\/141"}],"wp:attachment":[{"href":"https:\/\/cyantienda.com\/index.php\/wp-json\/wp\/v2\/media?parent=190"}],"wp:term":[{"taxonomy":"product_brand","embeddable":true,"href":"https:\/\/cyantienda.com\/index.php\/wp-json\/wp\/v2\/product_brand?post=190"},{"taxonomy":"product_cat","embeddable":true,"href":"https:\/\/cyantienda.com\/index.php\/wp-json\/wp\/v2\/product_cat?post=190"},{"taxonomy":"product_tag","embeddable":true,"href":"https:\/\/cyantienda.com\/index.php\/wp-json\/wp\/v2\/product_tag?post=190"}],"curies":[{"name":"wp","href":"https:\/\/api.w.org\/{rel}","templated":true}]}}