{"id":37,"date":"2023-07-19T21:11:04","date_gmt":"2023-07-19T21:11:04","guid":{"rendered":"https:\/\/cyantienda.com\/?post_type=product&#038;p=37"},"modified":"2024-10-16T23:35:55","modified_gmt":"2024-10-16T23:35:55","slug":"camiseta-monna-vanna","status":"publish","type":"product","link":"https:\/\/cyantienda.com\/index.php\/producto\/camiseta-monna-vanna\/","title":{"rendered":"Camiseta Monna Vanna"},"content":{"rendered":"<p><span style=\"font-weight: 400;\">Camiseta en piel de durazno de alta calidad, con mangas cortas y cuello redondo. Tela suave al tacto, corte recto.<\/span><\/p>\n<p><span style=\"font-weight: 400;\">Dise\u00f1o exclusivo.<\/span><\/p>\n<p>&nbsp;<\/p>\n<p><strong>Especificaciones:<\/strong><\/p>\n<p><span style=\"font-weight: 400;\">Color: amarillo<\/span><\/p>\n<p><span style=\"font-weight: 400;\">Material: piel de durazno.<\/span><\/p>\n<p><span style=\"font-weight: 400;\">M\u00e9todo de estampado: sublimaci\u00f3n.<\/span><\/p>\n<p><span style=\"font-weight: 400;\">Manufactura nacional.<\/span><\/p>\n<p>&nbsp;<\/p>\n<p><strong>Cuidados de la prenda:<\/strong><\/p>\n<p><span style=\"font-weight: 400;\">Lavar preferiblemente por el rev\u00e9s, con agua fr\u00eda.Si se usa lavadora, lavar en ciclo suave o normal. No usar blanqueador ni detergentes abrasivos. Evitar el secado a m\u00e1quina. Secado a la sombra. En caso de ser necesario, planchar a temperatura m\u00ednima, sin vapor y por el rev\u00e9s de la prenda, evitando los accesorios o estampados.<\/span><\/p>\n<p><span style=\"font-weight: 400;\">No limpiar en seco, ni remojar, exprimir o retorcer.<\/span><\/p>\n","protected":false},"excerpt":{"rendered":"<p><span style=\"font-weight: 400;\">Camiseta en piel de durazno de alta calidad, con mangas cortas y cuello redondo. Tela suave al tacto, corte recto.<\/span><\/p>\n<p><span style=\"font-weight: 400;\">Dise\u00f1o exclusivo.<\/span><\/p>\n<p>&nbsp;<\/p>\n<p><strong>Especificaciones:<\/strong><\/p>\n<p><span style=\"font-weight: 400;\">Color: amarillo<\/span><\/p>\n<p><span style=\"font-weight: 400;\">Material: piel de durazno.<\/span><\/p>\n<p><span style=\"font-weight: 400;\">M\u00e9todo de estampado: sublimaci\u00f3n.<\/span><\/p>\n<p><span style=\"font-weight: 400;\">Manufactura nacional.<\/span><\/p>\n","protected":false},"featured_media":53,"comment_status":"open","ping_status":"closed","template":"","meta":[],"product_brand":[],"product_cat":[27,28],"product_tag":[68,69,71],"class_list":{"0":"post-37","1":"product","2":"type-product","3":"status-publish","4":"has-post-thumbnail","6":"product_cat-camisetas","7":"product_cat-piel-de-durazno","8":"product_tag-amarillo","9":"product_tag-camiseta","10":"product_tag-monna-vanna","12":"first","13":"instock","14":"shipping-taxable","15":"purchasable","16":"product-type-variable"},"_links":{"self":[{"href":"https:\/\/cyantienda.com\/index.php\/wp-json\/wp\/v2\/product\/37","targetHints":{"allow":["GET"]}}],"collection":[{"href":"https:\/\/cyantienda.com\/index.php\/wp-json\/wp\/v2\/product"}],"about":[{"href":"https:\/\/cyantienda.com\/index.php\/wp-json\/wp\/v2\/types\/product"}],"replies":[{"embeddable":true,"href":"https:\/\/cyantienda.com\/index.php\/wp-json\/wp\/v2\/comments?post=37"}],"wp:featuredmedia":[{"embeddable":true,"href":"https:\/\/cyantienda.com\/index.php\/wp-json\/wp\/v2\/media\/53"}],"wp:attachment":[{"href":"https:\/\/cyantienda.com\/index.php\/wp-json\/wp\/v2\/media?parent=37"}],"wp:term":[{"taxonomy":"product_brand","embeddable":true,"href":"https:\/\/cyantienda.com\/index.php\/wp-json\/wp\/v2\/product_brand?post=37"},{"taxonomy":"product_cat","embeddable":true,"href":"https:\/\/cyantienda.com\/index.php\/wp-json\/wp\/v2\/product_cat?post=37"},{"taxonomy":"product_tag","embeddable":true,"href":"https:\/\/cyantienda.com\/index.php\/wp-json\/wp\/v2\/product_tag?post=37"}],"curies":[{"name":"wp","href":"https:\/\/api.w.org\/{rel}","templated":true}]}}