{"id":68,"date":"2023-07-19T23:00:21","date_gmt":"2023-07-19T23:00:21","guid":{"rendered":"https:\/\/cyantienda.com\/?post_type=product&#038;p=68"},"modified":"2024-10-16T23:13:47","modified_gmt":"2024-10-16T23:13:47","slug":"camiseta-lila-green","status":"publish","type":"product","link":"https:\/\/cyantienda.com\/index.php\/producto\/camiseta-lila-green\/","title":{"rendered":"Camiseta Lila green"},"content":{"rendered":"<p>Camiseta en piel de durazno de alta calidad, con mangas cortas y cuello redondo. Tela suave al tacto, corte recto.<br \/>\nDise\u00f1o exclusivo.<\/p>\n<p><strong>Especificaciones:<\/strong><br \/>\nColor: lila<br \/>\nMaterial: piel de durazno.<br \/>\nM\u00e9todo de estampado: sublimaci\u00f3n.<br \/>\nManufactura nacional.<\/p>\n<p><strong>Cuidados de la prenda:<\/strong><br \/>\nLavar preferiblemente por el rev\u00e9s, con agua fr\u00eda.Si se usa lavadora, lavar en ciclo suave o normal. No usar blanqueador ni detergentes abrasivos. Evitar el secado a m\u00e1quina. Secado a la sombra. En caso de ser necesario, planchar a temperatura m\u00ednima, sin vapor y por el rev\u00e9s de la prenda, evitando los accesorios o estampados.<br \/>\nNo limpiar en seco, ni remojar, exprimir o retorcer.<\/p>\n","protected":false},"excerpt":{"rendered":"<p>Camiseta en piel de durazno de alta calidad, con mangas cortas y cuello redondo. Tela suave al tacto, corte recto.<br \/>\nDise\u00f1o exclusivo.<\/p>\n<p><strong>Especificaciones:<\/strong><br \/>\nColor: lila<br \/>\nMaterial: piel de durazno.<br \/>\nM\u00e9todo de estampado: sublimaci\u00f3n.<br \/>\nManufactura nacional.<\/p>\n","protected":false},"featured_media":47,"comment_status":"open","ping_status":"closed","template":"","meta":[],"product_brand":[],"product_cat":[27,28],"product_tag":[],"class_list":{"0":"post-68","1":"product","2":"type-product","3":"status-publish","4":"has-post-thumbnail","6":"product_cat-camisetas","7":"product_cat-piel-de-durazno","9":"first","10":"instock","11":"shipping-taxable","12":"purchasable","13":"product-type-variable"},"_links":{"self":[{"href":"https:\/\/cyantienda.com\/index.php\/wp-json\/wp\/v2\/product\/68","targetHints":{"allow":["GET"]}}],"collection":[{"href":"https:\/\/cyantienda.com\/index.php\/wp-json\/wp\/v2\/product"}],"about":[{"href":"https:\/\/cyantienda.com\/index.php\/wp-json\/wp\/v2\/types\/product"}],"replies":[{"embeddable":true,"href":"https:\/\/cyantienda.com\/index.php\/wp-json\/wp\/v2\/comments?post=68"}],"wp:featuredmedia":[{"embeddable":true,"href":"https:\/\/cyantienda.com\/index.php\/wp-json\/wp\/v2\/media\/47"}],"wp:attachment":[{"href":"https:\/\/cyantienda.com\/index.php\/wp-json\/wp\/v2\/media?parent=68"}],"wp:term":[{"taxonomy":"product_brand","embeddable":true,"href":"https:\/\/cyantienda.com\/index.php\/wp-json\/wp\/v2\/product_brand?post=68"},{"taxonomy":"product_cat","embeddable":true,"href":"https:\/\/cyantienda.com\/index.php\/wp-json\/wp\/v2\/product_cat?post=68"},{"taxonomy":"product_tag","embeddable":true,"href":"https:\/\/cyantienda.com\/index.php\/wp-json\/wp\/v2\/product_tag?post=68"}],"curies":[{"name":"wp","href":"https:\/\/api.w.org\/{rel}","templated":true}]}}