{"id":78,"date":"2023-07-19T23:21:44","date_gmt":"2023-07-19T23:21:44","guid":{"rendered":"https:\/\/cyantienda.com\/?post_type=product&#038;p=78"},"modified":"2024-10-17T00:18:51","modified_gmt":"2024-10-17T00:18:51","slug":"camiseta-estrellas","status":"publish","type":"product","link":"https:\/\/cyantienda.com\/index.php\/producto\/camiseta-estrellas\/","title":{"rendered":"Camiseta estrellas"},"content":{"rendered":"<p>Camiseta en algod\u00f3n de alta calidad, con mangas cortas con dobladillo y cuello redondo. Tela suave al tacto, corte recto.<br \/>\nDise\u00f1o exclusivo.<\/p>\n<p><strong>Especificaciones:<\/strong><br \/>\nColor: verde.<br \/>\nMaterial: algod\u00f3n.<br \/>\nM\u00e9todo de estampado: vinilo textil.<br \/>\nManufactura nacional.<\/p>\n<p><strong>Cuidados de la prenda:<\/strong><br \/>\nLavar preferiblemente por el rev\u00e9s, con agua fr\u00eda.Si se usa lavadora, lavar en ciclo suave o normal. No usar blanqueador ni detergentes abrasivos. Evitar el secado a m\u00e1quina. Secado a la sombra. En caso de ser necesario, planchar a temperatura m\u00ednima, sin vapor y por el rev\u00e9s de la prenda, evitando los accesorios o estampados.<br \/>\nNo limpiar en seco, ni remojar, exprimir o retorcer.<\/p>\n<p><em><strong>Nota:<\/strong> el tallaje de estas prendas comprende dos tallas usuales, es decir, S-M y L-XL. Escoge tu talla en dependencia al look que quieras lograr: m\u00e1s ajustado o m\u00e1s relajado y suelto.<\/em><\/p>\n","protected":false},"excerpt":{"rendered":"<p>Camiseta en algod\u00f3n de alta calidad, con mangas cortas con dobladillo y cuello redondo. Tela suave al tacto, corte recto.<br \/>\nDise\u00f1o exclusivo.<\/p>\n<p><strong>Especificaciones:<\/strong><br \/>\nColor: verde.<br \/>\nMaterial: algod\u00f3n.<br \/>\nM\u00e9todo de estampado: vinilo textil.<br \/>\nManufactura nacional.<\/p>\n","protected":false},"featured_media":44,"comment_status":"open","ping_status":"closed","template":"","meta":[],"product_brand":[],"product_cat":[29,27],"product_tag":[],"class_list":{"0":"post-78","1":"product","2":"type-product","3":"status-publish","4":"has-post-thumbnail","6":"product_cat-algodon","7":"product_cat-camisetas","9":"first","10":"instock","11":"sale","12":"shipping-taxable","13":"purchasable","14":"product-type-variable"},"_links":{"self":[{"href":"https:\/\/cyantienda.com\/index.php\/wp-json\/wp\/v2\/product\/78","targetHints":{"allow":["GET"]}}],"collection":[{"href":"https:\/\/cyantienda.com\/index.php\/wp-json\/wp\/v2\/product"}],"about":[{"href":"https:\/\/cyantienda.com\/index.php\/wp-json\/wp\/v2\/types\/product"}],"replies":[{"embeddable":true,"href":"https:\/\/cyantienda.com\/index.php\/wp-json\/wp\/v2\/comments?post=78"}],"wp:featuredmedia":[{"embeddable":true,"href":"https:\/\/cyantienda.com\/index.php\/wp-json\/wp\/v2\/media\/44"}],"wp:attachment":[{"href":"https:\/\/cyantienda.com\/index.php\/wp-json\/wp\/v2\/media?parent=78"}],"wp:term":[{"taxonomy":"product_brand","embeddable":true,"href":"https:\/\/cyantienda.com\/index.php\/wp-json\/wp\/v2\/product_brand?post=78"},{"taxonomy":"product_cat","embeddable":true,"href":"https:\/\/cyantienda.com\/index.php\/wp-json\/wp\/v2\/product_cat?post=78"},{"taxonomy":"product_tag","embeddable":true,"href":"https:\/\/cyantienda.com\/index.php\/wp-json\/wp\/v2\/product_tag?post=78"}],"curies":[{"name":"wp","href":"https:\/\/api.w.org\/{rel}","templated":true}]}}