{"id":81,"date":"2023-07-27T16:04:49","date_gmt":"2023-07-27T16:04:49","guid":{"rendered":"https:\/\/cyantienda.com\/?post_type=product&#038;p=81"},"modified":"2024-10-16T16:40:48","modified_gmt":"2024-10-16T16:40:48","slug":"camiseta-petricor-rosa","status":"publish","type":"product","link":"https:\/\/cyantienda.com\/index.php\/producto\/camiseta-petricor-rosa\/","title":{"rendered":"Camiseta petricor rosa"},"content":{"rendered":"<p>Camiseta en piel de durazno de alta calidad, con mangas cortas y cuello redondo. Tela suave al tacto, corte recto.<br \/>\nDise\u00f1o exclusivo.<\/p>\n<p><strong>Especificaciones:<\/strong><br \/>\nColor: rosa.<br \/>\nMaterial: piel de durazno.<br \/>\nM\u00e9todo de estampado: sublimaci\u00f3n.<br \/>\nManufactura nacional.<\/p>\n<p><strong>Cuidados de la prenda:<\/strong><br \/>\nLavar preferiblemente por el rev\u00e9s, con agua fr\u00eda.Si se usa lavadora, lavar en ciclo suave o normal. No usar blanqueador ni detergentes abrasivos. Evitar el secado a m\u00e1quina. Secado a la sombra. En caso de ser necesario, planchar a temperatura m\u00ednima, sin vapor y por el rev\u00e9s de la prenda, evitando los accesorios o estampados.<br \/>\nNo limpiar en seco, ni remojar, exprimir o retorcer.<\/p>\n","protected":false},"excerpt":{"rendered":"<p>Camiseta en piel de durazno de alta calidad, con mangas cortas y cuello redondo. Tela suave al tacto, corte recto.<br \/>\nDise\u00f1o exclusivo.<\/p>\n<p><strong>Especificaciones:<\/strong><br \/>\nColor: rosa.<br \/>\nMaterial: piel de durazno.<br \/>\nM\u00e9todo de estampado: sublimaci\u00f3n.<br \/>\nManufactura nacional.<\/p>\n","protected":false},"featured_media":56,"comment_status":"open","ping_status":"closed","template":"","meta":[],"product_brand":[],"product_cat":[27,28],"product_tag":[],"class_list":{"0":"post-81","1":"product","2":"type-product","3":"status-publish","4":"has-post-thumbnail","6":"product_cat-camisetas","7":"product_cat-piel-de-durazno","9":"first","10":"instock","11":"sale","12":"shipping-taxable","13":"purchasable","14":"product-type-variable"},"_links":{"self":[{"href":"https:\/\/cyantienda.com\/index.php\/wp-json\/wp\/v2\/product\/81","targetHints":{"allow":["GET"]}}],"collection":[{"href":"https:\/\/cyantienda.com\/index.php\/wp-json\/wp\/v2\/product"}],"about":[{"href":"https:\/\/cyantienda.com\/index.php\/wp-json\/wp\/v2\/types\/product"}],"replies":[{"embeddable":true,"href":"https:\/\/cyantienda.com\/index.php\/wp-json\/wp\/v2\/comments?post=81"}],"wp:featuredmedia":[{"embeddable":true,"href":"https:\/\/cyantienda.com\/index.php\/wp-json\/wp\/v2\/media\/56"}],"wp:attachment":[{"href":"https:\/\/cyantienda.com\/index.php\/wp-json\/wp\/v2\/media?parent=81"}],"wp:term":[{"taxonomy":"product_brand","embeddable":true,"href":"https:\/\/cyantienda.com\/index.php\/wp-json\/wp\/v2\/product_brand?post=81"},{"taxonomy":"product_cat","embeddable":true,"href":"https:\/\/cyantienda.com\/index.php\/wp-json\/wp\/v2\/product_cat?post=81"},{"taxonomy":"product_tag","embeddable":true,"href":"https:\/\/cyantienda.com\/index.php\/wp-json\/wp\/v2\/product_tag?post=81"}],"curies":[{"name":"wp","href":"https:\/\/api.w.org\/{rel}","templated":true}]}}